{"id":7899,"date":"2025-05-13T12:34:21","date_gmt":"2025-05-13T12:34:21","guid":{"rendered":"https:\/\/www.baashoney.md\/products\/fara-categorie\/miere-de-mai-din-padure\/"},"modified":"2025-05-21T14:18:46","modified_gmt":"2025-05-21T14:18:46","slug":"miere-de-mai-din-padure","status":"publish","type":"product","link":"https:\/\/www.baashoney.md\/ro\/products\/uncategorized-ro\/miere-de-mai-din-padure\/","title":{"rendered":"Miere de mai din p\u0103dure"},"content":{"rendered":"","protected":false},"excerpt":{"rendered":"<p><strong>Mierea de p\u0103dure din mai<\/strong> este un produs natural cu un gust bogat \u0219i o arom\u0103 de ierburi de prim\u0103var\u0103. Are propriet\u0103\u021bi antioxidante \u0219i calmante, fiind util\u0103 \u00een r\u0103celi, tuse \u0219i insomnie. Ideal\u0103 pentru ceai sau consum direct.<\/p>\n","protected":false},"featured_media":7897,"template":"","meta":{"_acf_changed":false},"product_brand":[],"product_cat":[62],"product_tag":[],"class_list":{"0":"post-7899","1":"product","2":"type-product","3":"status-publish","4":"has-post-thumbnail","6":"product_cat-uncategorized-ro","8":"first","9":"instock","10":"taxable","11":"shipping-taxable","12":"product-type-simple"},"acf":[],"aioseo_notices":[],"_links":{"self":[{"href":"https:\/\/www.baashoney.md\/ro\/wp-json\/wp\/v2\/product\/7899","targetHints":{"allow":["GET"]}}],"collection":[{"href":"https:\/\/www.baashoney.md\/ro\/wp-json\/wp\/v2\/product"}],"about":[{"href":"https:\/\/www.baashoney.md\/ro\/wp-json\/wp\/v2\/types\/product"}],"wp:featuredmedia":[{"embeddable":true,"href":"https:\/\/www.baashoney.md\/ro\/wp-json\/wp\/v2\/media\/7897"}],"wp:attachment":[{"href":"https:\/\/www.baashoney.md\/ro\/wp-json\/wp\/v2\/media?parent=7899"}],"wp:term":[{"taxonomy":"product_brand","embeddable":true,"href":"https:\/\/www.baashoney.md\/ro\/wp-json\/wp\/v2\/product_brand?post=7899"},{"taxonomy":"product_cat","embeddable":true,"href":"https:\/\/www.baashoney.md\/ro\/wp-json\/wp\/v2\/product_cat?post=7899"},{"taxonomy":"product_tag","embeddable":true,"href":"https:\/\/www.baashoney.md\/ro\/wp-json\/wp\/v2\/product_tag?post=7899"}],"curies":[{"name":"wp","href":"https:\/\/api.w.org\/{rel}","templated":true}]}}