{"id":7840,"date":"2025-05-13T07:02:50","date_gmt":"2025-05-13T07:02:50","guid":{"rendered":"https:\/\/www.baashoney.md\/products\/fara-categorie\/hyssop-honey\/"},"modified":"2025-05-21T14:21:28","modified_gmt":"2025-05-21T14:21:28","slug":"hyssop-honey","status":"publish","type":"product","link":"https:\/\/www.baashoney.md\/ro\/products\/uncategorized-ro\/hyssop-honey\/","title":{"rendered":"Mierea de isop"},"content":{"rendered":"","protected":false},"excerpt":{"rendered":"<p><strong>Mierea de isop<\/strong> este un produs natural cu o arom\u0103 intens\u0103 de plante \u0219i note subtile de ment\u0103. Are propriet\u0103\u021bi antibacteriene \u0219i calmante, fiind util\u0103 \u00een r\u0103celi, tuse \u0219i insomnie. Ideal\u0103 pentru ceai sau consum direct.<\/p>\n","protected":false},"featured_media":7838,"template":"","meta":{"_acf_changed":false},"product_brand":[],"product_cat":[62],"product_tag":[],"class_list":{"0":"post-7840","1":"product","2":"type-product","3":"status-publish","4":"has-post-thumbnail","6":"product_cat-uncategorized-ro","8":"first","9":"instock","10":"taxable","11":"shipping-taxable","12":"product-type-simple"},"acf":[],"aioseo_notices":[],"_links":{"self":[{"href":"https:\/\/www.baashoney.md\/ro\/wp-json\/wp\/v2\/product\/7840","targetHints":{"allow":["GET"]}}],"collection":[{"href":"https:\/\/www.baashoney.md\/ro\/wp-json\/wp\/v2\/product"}],"about":[{"href":"https:\/\/www.baashoney.md\/ro\/wp-json\/wp\/v2\/types\/product"}],"wp:featuredmedia":[{"embeddable":true,"href":"https:\/\/www.baashoney.md\/ro\/wp-json\/wp\/v2\/media\/7838"}],"wp:attachment":[{"href":"https:\/\/www.baashoney.md\/ro\/wp-json\/wp\/v2\/media?parent=7840"}],"wp:term":[{"taxonomy":"product_brand","embeddable":true,"href":"https:\/\/www.baashoney.md\/ro\/wp-json\/wp\/v2\/product_brand?post=7840"},{"taxonomy":"product_cat","embeddable":true,"href":"https:\/\/www.baashoney.md\/ro\/wp-json\/wp\/v2\/product_cat?post=7840"},{"taxonomy":"product_tag","embeddable":true,"href":"https:\/\/www.baashoney.md\/ro\/wp-json\/wp\/v2\/product_tag?post=7840"}],"curies":[{"name":"wp","href":"https:\/\/api.w.org\/{rel}","templated":true}]}}