{"id":7880,"date":"2025-04-10T17:31:40","date_gmt":"2025-04-10T17:31:40","guid":{"rendered":"https:\/\/www.baashoney.md\/politica-de-confidentialitate\/"},"modified":"2025-05-23T14:34:41","modified_gmt":"2025-05-23T14:34:41","slug":"politica-de-confidentialitate","status":"publish","type":"page","link":"https:\/\/www.baashoney.md\/ro\/politica-de-confidentialitate\/","title":{"rendered":"Politica de confiden\u021bialitate"},"content":{"rendered":"\t\t<div data-elementor-type=\"wp-page\" data-elementor-id=\"7880\" class=\"elementor elementor-7880 elementor-3\" data-elementor-post-type=\"page\">\n\t\t\t\t<div class=\"elementor-element elementor-element-27bc248b e-flex e-con-boxed e-con e-parent\" data-id=\"27bc248b\" data-element_type=\"container\">\n\t\t\t\t\t<div class=\"e-con-inner\">\n\t\t\t\t<div class=\"elementor-element elementor-element-2684e394 elementor-widget elementor-widget-text-editor\" data-id=\"2684e394\" data-element_type=\"widget\" data-widget_type=\"text-editor.default\">\n\t\t\t\t<div class=\"elementor-widget-container\">\n\t\t\t\t\t\t\t\t\t<h2>1. Date colectate<\/h2>\n<p>Colect\u0103m date personale (nume, telefon, adres\u0103, e-mail) atunci c\u00e2nd plasa\u021bi o comand\u0103 sau completa\u021bi un formular.<\/p>\n<h2>2. Scopul prelucr\u0103rii<\/h2>\n<p>Datele sunt utilizate exclusiv pentru: procesarea comenzilor, emiterea documentelor fiscale, livrare, comunicare cu clien\u021bii.<\/p>\n<h2>3. Confiden\u021bialitate \u0219i divulgare<\/h2>\n<p>Datele nu vor fi divulgate ter\u021bilor, cu excep\u021bia partenerilor de \u00eencredere implica\u021bi \u00een procesarea comenzii (ex. curieri, procesatori de pl\u0103\u021bi).<\/p>\n<h2>4. Securitatea datelor<\/h2>\n<p>Implement\u0103m m\u0103suri tehnice \u0219i organizatorice pentru protejarea datelor personale.<\/p>\n<h2>5. Drepturile utilizatorilor<\/h2>\n<p>Conform legisla\u021biei, ave\u021bi dreptul de acces, rectificare, \u0219tergere sau opozi\u021bie privind datele dvs. personale.<\/p>\n<h2>6. Cookie-uri<\/h2>\n<p>Website-ul utilizeaz\u0103 cookies pentru o experien\u021b\u0103 mai bun\u0103. Utilizatorul \u00ee\u0219i poate configura preferin\u021bele din browser.<\/p>\n<h2>7. Modific\u0103ri ale politicii<\/h2>\n<p>Ne rezerv\u0103m dreptul de a modifica prezenta politic\u0103. Versiunea actualizat\u0103 va fi disponibil\u0103 pe site.<\/p>\t\t\t\t\t\t\t\t<\/div>\n\t\t\t\t<\/div>\n\t\t\t\t\t<\/div>\n\t\t\t\t<\/div>\n\t\t\t\t<\/div>\n\t\t","protected":false},"excerpt":{"rendered":"<p>1. Date colectate Colect\u0103m date personale (nume, telefon, adres\u0103, e-mail) atunci c\u00e2nd plasa\u021bi o comand\u0103 sau completa\u021bi un formular. 2. Scopul prelucr\u0103rii Datele sunt utilizate exclusiv pentru: procesarea comenzilor, emiterea documentelor fiscale, livrare, comunicare cu clien\u021bii. 3. Confiden\u021bialitate \u0219i divulgare Datele nu vor fi divulgate ter\u021bilor, cu excep\u021bia partenerilor de \u00eencredere implica\u021bi \u00een procesarea comenzii [&hellip;]<\/p>\n","protected":false},"author":1,"featured_media":0,"parent":0,"menu_order":0,"comment_status":"closed","ping_status":"closed","template":"","meta":{"_acf_changed":false,"footnotes":""},"class_list":["post-7880","page","type-page","status-publish","hentry"],"acf":[],"aioseo_notices":[],"_links":{"self":[{"href":"https:\/\/www.baashoney.md\/ro\/wp-json\/wp\/v2\/pages\/7880","targetHints":{"allow":["GET"]}}],"collection":[{"href":"https:\/\/www.baashoney.md\/ro\/wp-json\/wp\/v2\/pages"}],"about":[{"href":"https:\/\/www.baashoney.md\/ro\/wp-json\/wp\/v2\/types\/page"}],"author":[{"embeddable":true,"href":"https:\/\/www.baashoney.md\/ro\/wp-json\/wp\/v2\/users\/1"}],"replies":[{"embeddable":true,"href":"https:\/\/www.baashoney.md\/ro\/wp-json\/wp\/v2\/comments?post=7880"}],"version-history":[{"count":4,"href":"https:\/\/www.baashoney.md\/ro\/wp-json\/wp\/v2\/pages\/7880\/revisions"}],"predecessor-version":[{"id":8474,"href":"https:\/\/www.baashoney.md\/ro\/wp-json\/wp\/v2\/pages\/7880\/revisions\/8474"}],"wp:attachment":[{"href":"https:\/\/www.baashoney.md\/ro\/wp-json\/wp\/v2\/media?parent=7880"}],"curies":[{"name":"wp","href":"https:\/\/api.w.org\/{rel}","templated":true}]}}