{"id":6929,"date":"2023-09-05T09:25:57","date_gmt":"2023-09-05T09:25:57","guid":{"rendered":"https:\/\/www.baashoney.md\/faqs\/"},"modified":"2025-05-19T10:58:26","modified_gmt":"2025-05-19T10:58:26","slug":"faqs","status":"publish","type":"page","link":"https:\/\/www.baashoney.md\/ro\/faqs\/","title":{"rendered":"\u00centreb\u0103ri frecvente"},"content":{"rendered":"\t\t<div data-elementor-type=\"wp-page\" data-elementor-id=\"6929\" class=\"elementor elementor-6929 elementor-3284\" data-elementor-post-type=\"page\">\n\t\t\t\t<div class=\"elementor-element elementor-element-0f9e944 e-flex e-con-boxed e-con e-parent\" data-id=\"0f9e944\" data-element_type=\"container\">\n\t\t\t\t\t<div class=\"e-con-inner\">\n\t\t\t\t<div class=\"elementor-element elementor-element-55e673a elementor-widget elementor-widget-heading\" data-id=\"55e673a\" data-element_type=\"widget\" data-widget_type=\"heading.default\">\n\t\t\t\t<div class=\"elementor-widget-container\">\n\t\t\t\t\t<h1 class=\"elementor-heading-title elementor-size-default\">\u00centreb\u0103ri frecvente<\/h1>\t\t\t\t<\/div>\n\t\t\t\t<\/div>\n\t\t\t\t\t<\/div>\n\t\t\t\t<\/div>\n\t\t\t\t<div class=\"elementor-section elementor-top-section elementor-element elementor-element-d421236 elementor-section-full_width elementor-section-stretched elementor-section-height-default elementor-section-height-default\" data-id=\"d421236\" data-element_type=\"section\" data-settings=\"{&quot;stretch_section&quot;:&quot;section-stretched&quot;}\">\n\t\t\t\t\t\t<div class=\"elementor-container elementor-column-gap-default\">\n\t\t\t\t\t<div class=\"elementor-column elementor-col-100 elementor-top-column elementor-element elementor-element-9064d4f\" data-id=\"9064d4f\" data-element_type=\"column\">\n\t\t\t<div class=\"elementor-widget-wrap elementor-element-populated\">\n\t\t\t\t\t\t<div class=\"elementor-section elementor-inner-section elementor-element elementor-element-38d68af elementor-section-boxed elementor-section-height-default elementor-section-height-default\" data-id=\"38d68af\" data-element_type=\"section\">\n\t\t\t\t\t\t<div class=\"elementor-container elementor-column-gap-default\">\n\t\t\t\t\t<div class=\"elementor-column elementor-col-50 elementor-inner-column elementor-element elementor-element-9069567\" data-id=\"9069567\" data-element_type=\"column\">\n\t\t\t<div class=\"elementor-widget-wrap elementor-element-populated\">\n\t\t\t\t\t\t<div class=\"elementor-element elementor-element-7f729da elementor-widget__width-initial elementor-widget elementor-widget-image\" data-id=\"7f729da\" data-element_type=\"widget\" data-widget_type=\"image.default\">\n\t\t\t\t<div class=\"elementor-widget-container\">\n\t\t\t\t\t\t\t\t\t\t\t\t\t\t\t<img fetchpriority=\"high\" decoding=\"async\" width=\"1032\" height=\"903\" src=\"https:\/\/www.baashoney.md\/wp-content\/uploads\/2023\/08\/offer.png\" class=\"attachment-full size-full wp-image-1735\" alt=\"\" srcset=\"https:\/\/www.baashoney.md\/wp-content\/uploads\/2023\/08\/offer.png 1032w, https:\/\/www.baashoney.md\/wp-content\/uploads\/2023\/08\/offer-600x525.png 600w, https:\/\/www.baashoney.md\/wp-content\/uploads\/2023\/08\/offer-300x263.png 300w, https:\/\/www.baashoney.md\/wp-content\/uploads\/2023\/08\/offer-1024x896.png 1024w, https:\/\/www.baashoney.md\/wp-content\/uploads\/2023\/08\/offer-768x672.png 768w\" sizes=\"(max-width: 1032px) 100vw, 1032px\" \/>\t\t\t\t\t\t\t\t\t\t\t\t\t\t\t<\/div>\n\t\t\t\t<\/div>\n\t\t\t\t<div class=\"elementor-element elementor-element-2fcef58 elementor-widget__width-initial elementor-absolute pt-rotate-animation pt-hide elementor-hidden-desktop elementor-hidden-tablet_extra elementor-hidden-tablet elementor-hidden-mobile_extra elementor-hidden-mobile elementor-widget elementor-widget-image\" data-id=\"2fcef58\" data-element_type=\"widget\" data-settings=\"{&quot;_position&quot;:&quot;absolute&quot;,&quot;_animation&quot;:&quot;none&quot;}\" data-widget_type=\"image.default\">\n\t\t\t\t<div class=\"elementor-widget-container\">\n\t\t\t\t\t\t\t\t\t\t\t\t\t\t\t<img decoding=\"async\" width=\"450\" height=\"440\" src=\"https:\/\/www.baashoney.md\/wp-content\/uploads\/2023\/08\/Offer_BG.png\" class=\"attachment-full size-full wp-image-1712\" alt=\"\" srcset=\"https:\/\/www.baashoney.md\/wp-content\/uploads\/2023\/08\/Offer_BG.png 450w, https:\/\/www.baashoney.md\/wp-content\/uploads\/2023\/08\/Offer_BG-300x293.png 300w\" sizes=\"(max-width: 450px) 100vw, 450px\" \/>\t\t\t\t\t\t\t\t\t\t\t\t\t\t\t<\/div>\n\t\t\t\t<\/div>\n\t\t\t\t\t<\/div>\n\t\t<\/div>\n\t\t\t\t<div class=\"elementor-column elementor-col-50 elementor-inner-column elementor-element elementor-element-01981ca\" data-id=\"01981ca\" data-element_type=\"column\">\n\t\t\t<div class=\"elementor-widget-wrap elementor-element-populated\">\n\t\t\t\t\t\t<div class=\"elementor-element elementor-element-dec347d pt-grey-bg elementor-widget elementor-widget-accordion\" data-id=\"dec347d\" data-element_type=\"widget\" data-widget_type=\"accordion.default\">\n\t\t\t\t<div class=\"elementor-widget-container\">\n\t\t\t\t\t    \r\n<div class=\"pt-accordion-block \" >\r\n      <div class=\"pt-accordion-box pt-active  1\">\r\n      <div class=\"pt-ad-title\">\r\n        <h4 class=\"ad-title-text\">         \r\n          Care miere este cea mai s\u0103n\u0103toas\u0103? \u0218i cum difer\u0103 diferitele soiuri?  \r\n        <span class=\"pt-icon-right\">\r\n        <i aria-hidden=\"true\" class=\"ion ion-ios-arrow-down active\"><\/i><i aria-hidden=\"true\" class=\"ion ion-ios-arrow-up inactive\"><\/i>   \r\n        <\/span>\r\n       <\/h4>\r\n      <\/div>\r\n      <div class=\"pt-accordion-details\">\r\n         <p class=\"pt-detail-text\"> Fiecare miere este unic\u0103, ca un vin cu un terroir diferit. Salc\u00e2mul este moale \u0219i hipoalergenic, teiul este antisepticul num\u0103rul 1, hri\u0219ca are un con\u021binut ridicat de fier. Nu alegem \u201ecei mai buni\u201d, v\u0103 oferim o varietate de arome \u0219i propriet\u0103\u021bi, testate \u00een laborator \u0219i certificate conform standardelor de calitate. <\/p>\r\n      <\/div>\r\n    <\/div>\r\n       <div class=\"pt-accordion-box   2\">\r\n      <div class=\"pt-ad-title\">\r\n        <h4 class=\"ad-title-text\">         \r\n          Adaugi zah\u0103r \u00een miere sau o \u00eenc\u0103lze\u0219ti?  \r\n        <span class=\"pt-icon-right\">\r\n        <i aria-hidden=\"true\" class=\"ion ion-ios-arrow-down active\"><\/i><i aria-hidden=\"true\" class=\"ion ion-ios-arrow-up inactive\"><\/i>   \r\n        <\/span>\r\n       <\/h4>\r\n      <\/div>\r\n      <div class=\"pt-accordion-details\">\r\n         <p class=\"pt-detail-text\"> Nu. Nu \u00eenc\u0103lzim, nu filtr\u0103m p\u00e2n\u0103 la sterilizare, nu ad\u0103ug\u0103m zah\u0103r. Mierea noastr\u0103 este un \u201ealiment viu\u201d care p\u0103streaz\u0103 enzimele, vitaminele \u0219i cristalizarea natural\u0103. Totul este ca \u00eentr-un stup de albine, doar c\u0103 \u00eentr-un borcan. <\/p>\r\n      <\/div>\r\n    <\/div>\r\n       <div class=\"pt-accordion-box   3\">\r\n      <div class=\"pt-ad-title\">\r\n        <h4 class=\"ad-title-text\">         \r\n          De ce cristalizeaz\u0103 mierea? Asta \u00eenseamn\u0103 c\u0103 s-a stricat?  \r\n        <span class=\"pt-icon-right\">\r\n        <i aria-hidden=\"true\" class=\"ion ion-ios-arrow-down active\"><\/i><i aria-hidden=\"true\" class=\"ion ion-ios-arrow-up inactive\"><\/i>   \r\n        <\/span>\r\n       <\/h4>\r\n      <\/div>\r\n      <div class=\"pt-accordion-details\">\r\n         <p class=\"pt-detail-text\"> Dimpotriv\u0103, este un semn de naturale\u021be! Mierea nu este un sirop, ci un produs cu substan\u021be active. Unele soiuri cristalizeaz\u0103 dup\u0103 2 s\u0103pt\u0103m\u00e2ni (de exemplu, floarea-soarelui), altele \u00ee\u0219i p\u0103streaz\u0103 forma lichid\u0103 timp de luni de zile (salc\u00e2m). Acesta este un proces natural care nu afecteaz\u0103 calitatea. <\/p>\r\n      <\/div>\r\n    <\/div>\r\n       <div class=\"pt-accordion-box   4\">\r\n      <div class=\"pt-ad-title\">\r\n        <h4 class=\"ad-title-text\">         \r\n          Prin ce v\u0103 deosebi\u021bi de al\u021bi produc\u0103tori de miere?  \r\n        <span class=\"pt-icon-right\">\r\n        <i aria-hidden=\"true\" class=\"ion ion-ios-arrow-down active\"><\/i><i aria-hidden=\"true\" class=\"ion ion-ios-arrow-up inactive\"><\/i>   \r\n        <\/span>\r\n       <\/h4>\r\n      <\/div>\r\n      <div class=\"pt-accordion-details\">\r\n         <p class=\"pt-detail-text\"> Colect\u0103m miere &#8211; cre\u0103m ecosistemul apicol al viitorului:\n5 stupine pentru reproducerea m\u0103tcilor,\nsenzori \u0219i inteligen\u021b\u0103 artificial\u0103 \u00een stupi,\nchimie zero,\nselec\u021bie doar din stupine certificate,\nistoricul individual al fiec\u0103rui partid.\nMierea Ba\u0430s \u00eenseamn\u0103 control, transparen\u021b\u0103 \u0219i gustul naturii. <\/p>\r\n      <\/div>\r\n    <\/div>\r\n       <div class=\"pt-accordion-box   5\">\r\n      <div class=\"pt-ad-title\">\r\n        <h4 class=\"ad-title-text\">         \r\n          Care este termenul de valabilitate al mierii \u0219i cum se depoziteaz\u0103 corect?  \r\n        <span class=\"pt-icon-right\">\r\n        <i aria-hidden=\"true\" class=\"ion ion-ios-arrow-down active\"><\/i><i aria-hidden=\"true\" class=\"ion ion-ios-arrow-up inactive\"><\/i>   \r\n        <\/span>\r\n       <\/h4>\r\n      <\/div>\r\n      <div class=\"pt-accordion-details\">\r\n         <p class=\"pt-detail-text\"> Mierea natural\u0103 poate fi p\u0103strat\u0103 mai mult de 2 ani, dar este important s\u0103 respecta\u021bi urm\u0103toarele condi\u021bii:\n\u00eentr-un loc \u00eentunecat, uscat \u0219i r\u0103coros\n\u00eentr-un recipient de sticl\u0103 cu capac bine \u00eenchis, ferit de lumina soarelui \u0219i de umiditate.\nSfat de la un apicultor: nu p\u0103stra\u021bi mierea la frigider &#8211; \u00ee\u0219i va pierde aroma \u0219i se poate cristaliza prea repede. <\/p>\r\n      <\/div>\r\n    <\/div>\r\n       <div class=\"pt-accordion-box   6\">\r\n      <div class=\"pt-ad-title\">\r\n        <h4 class=\"ad-title-text\">         \r\n          Pot albinele s\u0103 recunoasc\u0103 un apicultor dup\u0103 miros?  \r\n        <span class=\"pt-icon-right\">\r\n        <i aria-hidden=\"true\" class=\"ion ion-ios-arrow-down active\"><\/i><i aria-hidden=\"true\" class=\"ion ion-ios-arrow-up inactive\"><\/i>   \r\n        <\/span>\r\n       <\/h4>\r\n      <\/div>\r\n      <div class=\"pt-accordion-details\">\r\n         <p class=\"pt-detail-text\"> Da. \u0218i nu doar prin miros.\nAlbinele sunt maestre ale mirosului. \u00ce\u0219i pot distinge apicultorul de un str\u0103in printr-o combina\u021bie de miros, respira\u021bie, mi\u0219c\u0103ri \u0219i chiar energie. Noi, cei de la BaasHoney, \u0219tim sigur acest lucru: acelea\u0219i albine reac\u021bioneaz\u0103 diferit la oameni noi \u0219i la \u201eproprii albine\u201d. Mai ales dac\u0103 nu ai uitat s\u0103 por\u021bi m\u0103nu\u0219i. Albinele \u00ee\u0219i amintesc. Albinele simt. \u0218i dac\u0103 \u00ee\u021bi pas\u0103 de ei, \u0219i ei simt asta. <\/p>\r\n      <\/div>\r\n    <\/div>\r\n     <\/div>\r\n  \t\t<script type=\"text\/javascript\">\r\n        \t\t \/*------------------------\r\n                Accordion\r\n                --------------------------*\/\r\n\t\t\tjQuery('.pt-accordion-block .pt-accordion-box .pt-accordion-details').hide();\r\n\t\t\tjQuery('.pt-accordion-block .pt-accordion-box:first').addClass('pt-active').children().slideDown('slow');\r\n\t\t\tjQuery('.pt-accordion-block .pt-accordion-box').on(\"click\", function() {\r\n\t\t\t\tif (jQuery(this).children('div.pt-accordion-details').is(':hidden')) {\r\n\t\t\t\t\tjQuery('.pt-accordion-block .pt-accordion-box').removeClass('pt-active').children('div.pt-accordion-details').slideUp('slow');\r\n\t\t\t\t\tjQuery(this).toggleClass('pt-active').children('div.pt-accordion-details').slideDown('slow');\r\n\t\t\t\t}\r\n\t\t\t});\r\n\t\t<\/script>\r\n\t\t\t\t\t\t<\/div>\n\t\t\t\t<\/div>\n\t\t\t\t\t<\/div>\n\t\t<\/div>\n\t\t\t\t\t<\/div>\n\t\t<\/div>\n\t\t\t\t\t<\/div>\n\t\t<\/div>\n\t\t\t\t\t<\/div>\n\t\t<\/div>\n\t\t\t\t<\/div>\n\t\t","protected":false},"excerpt":{"rendered":"<p>\u00centreb\u0103ri frecvente Care miere este cea mai s\u0103n\u0103toas\u0103? \u0218i cum difer\u0103 diferitele soiuri? Fiecare miere este unic\u0103, ca un vin cu un terroir diferit. Salc\u00e2mul este moale \u0219i hipoalergenic, teiul este antisepticul num\u0103rul 1, hri\u0219ca are un con\u021binut ridicat de fier. Nu alegem \u201ecei mai buni\u201d, v\u0103 oferim o varietate de arome \u0219i propriet\u0103\u021bi, testate [&hellip;]<\/p>\n","protected":false},"author":1,"featured_media":0,"parent":0,"menu_order":0,"comment_status":"closed","ping_status":"closed","template":"","meta":{"_acf_changed":false,"footnotes":""},"class_list":["post-6929","page","type-page","status-publish","hentry"],"acf":[],"aioseo_notices":[],"_links":{"self":[{"href":"https:\/\/www.baashoney.md\/ro\/wp-json\/wp\/v2\/pages\/6929","targetHints":{"allow":["GET"]}}],"collection":[{"href":"https:\/\/www.baashoney.md\/ro\/wp-json\/wp\/v2\/pages"}],"about":[{"href":"https:\/\/www.baashoney.md\/ro\/wp-json\/wp\/v2\/types\/page"}],"author":[{"embeddable":true,"href":"https:\/\/www.baashoney.md\/ro\/wp-json\/wp\/v2\/users\/1"}],"replies":[{"embeddable":true,"href":"https:\/\/www.baashoney.md\/ro\/wp-json\/wp\/v2\/comments?post=6929"}],"version-history":[{"count":10,"href":"https:\/\/www.baashoney.md\/ro\/wp-json\/wp\/v2\/pages\/6929\/revisions"}],"predecessor-version":[{"id":8302,"href":"https:\/\/www.baashoney.md\/ro\/wp-json\/wp\/v2\/pages\/6929\/revisions\/8302"}],"wp:attachment":[{"href":"https:\/\/www.baashoney.md\/ro\/wp-json\/wp\/v2\/media?parent=6929"}],"curies":[{"name":"wp","href":"https:\/\/api.w.org\/{rel}","templated":true}]}}